{"id":675,"date":"2019-01-30T20:13:19","date_gmt":"2019-01-30T20:13:19","guid":{"rendered":"http:\/\/www.vienna-alacarte.com\/?page_id=675"},"modified":"2025-01-30T15:04:49","modified_gmt":"2025-01-30T15:04:49","slug":"why-book-our-tours","status":"publish","type":"page","link":"https:\/\/www.vienna-alacarte.com\/de\/why-book-our-tours\/","title":{"rendered":"[:en]Why book our tours?[:de]Warum bei uns buchen?[:fr]Pourquoi r\u00e9server chez nous?[:es]Porqu\u00e9 con nosotros?[:]"},"content":{"rendered":"<p><\/p>\n<h4>Spannendende und unterhaltsame Touren<\/h4>\n<p>Wir bieten private Sightseeing Touren in Wien und Ausfl\u00fcge f\u00fcr jeden Geschmack: klassische Rundfahrten und Ausfl\u00fcge mit Limousine oder Minibus, Stadtbesichtigungen zu Fu\u00df, mit Fahrrad oder Segway und ausgefallenes wie Oldtimer Stadtrundfahrten oder Sightjogging. Buchen Sie \u00e0 la carte oder senden Sie uns Ihre spezielle Anfrage.<\/p>\n<h4>Erstklassige Guides<\/h4>\n<p>Unsere kompetenten Stadtf\u00fchrer und Guides freuen sich darauf Ihnen Wien und die Umgebung zu zeigen. Wir glauben, dass umfassendes Wissen noch keinen guten Guide ausmacht. Unsere Guides finden heraus was Sie interessiert und was Sie sehen wollen und bieten Ihnen dann genau das an. So wird die F\u00fchrung zu einem unvergesslichen Erlebnis.<\/p>\n<h4>Individuelles Service<\/h4>\n<p>Genie\u00dfen Sie die Vorteile einer privaten F\u00fchrung: Sie bestimmen wann es losgeht. Ihr Stadtf\u00fchrer holt Sie zur vereinbarten Zeit in Ihrem Hotel ab. W\u00e4hrend der F\u00fchrung entscheiden Sie selbst was sie sehen wollen und wann und wo sie stehenbleiben m\u00f6chten. Ihr Guide stimmt die F\u00fchrung auf Ihre Interessen ab. Nat\u00fcrlich macht er auch Fotos von Ihnen und beantwortet Fragen zu ihrem weiteren Aufenthalt.<\/p>\n<h4>Faire Stornoregelung<\/h4>\n<p>Falls Ihnen etwas dazwischen kommt, k\u00f6nnen Sie unsere privaten Touren bis 72 Stunden vor Tourbeginn kostenlos stornieren.<\/p>","protected":false},"excerpt":{"rendered":"<p>Spannendende und unterhaltsame Touren Wir bieten private Sightseeing Touren in Wien und Ausfl\u00fcge f\u00fcr jeden Geschmack: klassische Rundfahrten und Ausfl\u00fcge mit Limousine oder Minibus, Stadtbesichtigungen zu Fu\u00df, mit Fahrrad oder Segway und ausgefallenes wie Oldtimer Stadtrundfahrten oder Sightjogging. Buchen Sie \u00e0 la carte oder senden Sie uns Ihre spezielle Anfrage. Erstklassige Guides Unsere kompetenten Stadtf\u00fchrer [&hellip;]<\/p>\n","protected":false},"author":2,"featured_media":0,"parent":0,"menu_order":0,"comment_status":"closed","ping_status":"closed","template":"","meta":[],"_links":{"self":[{"href":"https:\/\/www.vienna-alacarte.com\/de\/wp-json\/wp\/v2\/pages\/675"}],"collection":[{"href":"https:\/\/www.vienna-alacarte.com\/de\/wp-json\/wp\/v2\/pages"}],"about":[{"href":"https:\/\/www.vienna-alacarte.com\/de\/wp-json\/wp\/v2\/types\/page"}],"author":[{"embeddable":true,"href":"https:\/\/www.vienna-alacarte.com\/de\/wp-json\/wp\/v2\/users\/2"}],"replies":[{"embeddable":true,"href":"https:\/\/www.vienna-alacarte.com\/de\/wp-json\/wp\/v2\/comments?post=675"}],"version-history":[{"count":4,"href":"https:\/\/www.vienna-alacarte.com\/de\/wp-json\/wp\/v2\/pages\/675\/revisions"}],"predecessor-version":[{"id":71718,"href":"https:\/\/www.vienna-alacarte.com\/de\/wp-json\/wp\/v2\/pages\/675\/revisions\/71718"}],"wp:attachment":[{"href":"https:\/\/www.vienna-alacarte.com\/de\/wp-json\/wp\/v2\/media?parent=675"}],"curies":[{"name":"wp","href":"https:\/\/api.w.org\/{rel}","templated":true}]}}