{"id":813,"date":"2019-03-15T09:27:05","date_gmt":"2019-03-15T09:27:05","guid":{"rendered":"http:\/\/www.vienna-alacarte.com\/?page_id=813"},"modified":"2025-01-30T14:56:03","modified_gmt":"2025-01-30T14:56:03","slug":"terms-conditions","status":"publish","type":"page","link":"https:\/\/www.vienna-alacarte.com\/de\/terms-conditions\/","title":{"rendered":"[:en]Booking Terms[:de]Buchungsbedingungen[:fr]Conditions de Reservation[:es]Condiciones de reserva[:]"},"content":{"rendered":"<p><strong style=\"color: #000000 !important;\">STORNOBEDINGUNGEN<\/strong><\/p>\n<p>Sie k\u00f6nnen unsere privaten Touren bis 72 Stunden vor Tourbeginn kostenlos stornieren. Keine R\u00fcckerstattung bei Stornierung innerhalb von 24 Stunden vor Tourbeginn oder bei Nichterscheinen (No-Show).<\/p>\n<p>Stornierungen m\u00fcssen schriftlich erfolgen (e-mail) und von uns r\u00fcckbest\u00e4tigt werden.<\/p>\n<p><strong>MINDESTTEILNEHMERANZAHL<\/strong><\/p>\n<p>Unsere Gruppentouren finden ab 4 Teilnehmern garantiert statt. Sollte die Mindestteilnehmeranzahl nicht erreicht werden, kontaktieren wir Sie per E-Mail oder Telefon und Sie k\u00f6nnen zwischen einer Umbuchung auf einen anderen Termin oder einer vollst\u00e4ndigen R\u00fcckerstattung w\u00e4hlen.<\/p>","protected":false},"excerpt":{"rendered":"<p>STORNOBEDINGUNGEN Sie k\u00f6nnen unsere privaten Touren bis 72 Stunden vor Tourbeginn kostenlos stornieren. Keine R\u00fcckerstattung bei Stornierung innerhalb von 24 Stunden vor Tourbeginn oder bei Nichterscheinen (No-Show). Stornierungen m\u00fcssen schriftlich erfolgen (e-mail) und von uns r\u00fcckbest\u00e4tigt werden. MINDESTTEILNEHMERANZAHL Unsere Gruppentouren finden ab 4 Teilnehmern garantiert statt. Sollte die Mindestteilnehmeranzahl nicht erreicht werden, kontaktieren wir Sie [&hellip;]<\/p>\n","protected":false},"author":2,"featured_media":0,"parent":0,"menu_order":0,"comment_status":"closed","ping_status":"closed","template":"","meta":[],"_links":{"self":[{"href":"https:\/\/www.vienna-alacarte.com\/de\/wp-json\/wp\/v2\/pages\/813"}],"collection":[{"href":"https:\/\/www.vienna-alacarte.com\/de\/wp-json\/wp\/v2\/pages"}],"about":[{"href":"https:\/\/www.vienna-alacarte.com\/de\/wp-json\/wp\/v2\/types\/page"}],"author":[{"embeddable":true,"href":"https:\/\/www.vienna-alacarte.com\/de\/wp-json\/wp\/v2\/users\/2"}],"replies":[{"embeddable":true,"href":"https:\/\/www.vienna-alacarte.com\/de\/wp-json\/wp\/v2\/comments?post=813"}],"version-history":[{"count":19,"href":"https:\/\/www.vienna-alacarte.com\/de\/wp-json\/wp\/v2\/pages\/813\/revisions"}],"predecessor-version":[{"id":71717,"href":"https:\/\/www.vienna-alacarte.com\/de\/wp-json\/wp\/v2\/pages\/813\/revisions\/71717"}],"wp:attachment":[{"href":"https:\/\/www.vienna-alacarte.com\/de\/wp-json\/wp\/v2\/media?parent=813"}],"curies":[{"name":"wp","href":"https:\/\/api.w.org\/{rel}","templated":true}]}}