{"id":314,"date":"2018-11-29T14:26:24","date_gmt":"2018-11-29T14:26:24","guid":{"rendered":"https:\/\/www.vienna-alacarte.com\/?page_id=314"},"modified":"2025-01-30T14:49:06","modified_gmt":"2025-01-30T14:49:06","slug":"about-us","status":"publish","type":"page","link":"https:\/\/www.vienna-alacarte.com\/es\/about-us\/","title":{"rendered":"[:en]About us[:de]\u00dcber uns[:fr]b[:es]b[:]"},"content":{"rendered":"<p class=\"qtranxs-available-languages-message qtranxs-available-languages-message-es\">Disculpa, pero esta entrada est\u00e1 disponible s\u00f3lo en <a href=\"https:\/\/www.vienna-alacarte.com\/en\/wp-json\/wp\/v2\/pages\/314\" class=\"qtranxs-available-language-link qtranxs-available-language-link-en\" title=\"English\">Ingl\u00e9s Estadounidense<\/a> y <a href=\"https:\/\/www.vienna-alacarte.com\/de\/wp-json\/wp\/v2\/pages\/314\" class=\"qtranxs-available-language-link qtranxs-available-language-link-de\" title=\"Deutsch\">Alem\u00e1n<\/a>.<\/p>","protected":false},"excerpt":{"rendered":"<p>Disculpa, pero esta entrada est\u00e1 disponible s\u00f3lo en Ingl\u00e9s Estadounidense y Alem\u00e1n.<\/p>\n","protected":false},"author":2,"featured_media":0,"parent":0,"menu_order":0,"comment_status":"closed","ping_status":"closed","template":"","meta":[],"_links":{"self":[{"href":"https:\/\/www.vienna-alacarte.com\/es\/wp-json\/wp\/v2\/pages\/314"}],"collection":[{"href":"https:\/\/www.vienna-alacarte.com\/es\/wp-json\/wp\/v2\/pages"}],"about":[{"href":"https:\/\/www.vienna-alacarte.com\/es\/wp-json\/wp\/v2\/types\/page"}],"author":[{"embeddable":true,"href":"https:\/\/www.vienna-alacarte.com\/es\/wp-json\/wp\/v2\/users\/2"}],"replies":[{"embeddable":true,"href":"https:\/\/www.vienna-alacarte.com\/es\/wp-json\/wp\/v2\/comments?post=314"}],"version-history":[{"count":6,"href":"https:\/\/www.vienna-alacarte.com\/es\/wp-json\/wp\/v2\/pages\/314\/revisions"}],"predecessor-version":[{"id":71716,"href":"https:\/\/www.vienna-alacarte.com\/es\/wp-json\/wp\/v2\/pages\/314\/revisions\/71716"}],"wp:attachment":[{"href":"https:\/\/www.vienna-alacarte.com\/es\/wp-json\/wp\/v2\/media?parent=314"}],"curies":[{"name":"wp","href":"https:\/\/api.w.org\/{rel}","templated":true}]}}