{"id":813,"date":"2019-03-15T09:27:05","date_gmt":"2019-03-15T09:27:05","guid":{"rendered":"http:\/\/www.vienna-alacarte.com\/?page_id=813"},"modified":"2025-01-30T14:56:03","modified_gmt":"2025-01-30T14:56:03","slug":"terms-conditions","status":"publish","type":"page","link":"https:\/\/www.vienna-alacarte.com\/fr\/terms-conditions\/","title":{"rendered":"[:en]Booking Terms[:de]Buchungsbedingungen[:fr]Conditions de Reservation[:es]Condiciones de reserva[:]"},"content":{"rendered":"<p><strong>POLITIQUE D&rsquo;ANNULATION<\/strong><\/p>\n<p>Vous pouvez annuler votre visite sans frais jusqu&rsquo;\u00e0 72 heures avant le d\u00e9but de la visite. Aucun remboursement pour les annulations ult\u00e9rieures et les non-pr\u00e9sentations.<\/p>\n<p>Veuillez noter que les annulations doivent se faire par \u00e9crit (e-mail). Nous n&rsquo;acceptons pas les annulations par t\u00e9l\u00e9phone.<\/p>\n<p><strong>NOMBE MINIMUM DE PARTICIPANTS<\/strong><\/p>\n<p>Nos visites de groupe sont garanties de partir avec un minimum de 4 personnes par visite.<\/p>","protected":false},"excerpt":{"rendered":"<p>POLITIQUE D&rsquo;ANNULATION Vous pouvez annuler votre visite sans frais jusqu&rsquo;\u00e0 72 heures avant le d\u00e9but de la visite. Aucun remboursement pour les annulations ult\u00e9rieures et les non-pr\u00e9sentations. Veuillez noter que les annulations doivent se faire par \u00e9crit (e-mail). Nous n&rsquo;acceptons pas les annulations par t\u00e9l\u00e9phone. NOMBE MINIMUM DE PARTICIPANTS Nos visites de groupe sont garanties [&hellip;]<\/p>\n","protected":false},"author":2,"featured_media":0,"parent":0,"menu_order":0,"comment_status":"closed","ping_status":"closed","template":"","meta":[],"_links":{"self":[{"href":"https:\/\/www.vienna-alacarte.com\/fr\/wp-json\/wp\/v2\/pages\/813"}],"collection":[{"href":"https:\/\/www.vienna-alacarte.com\/fr\/wp-json\/wp\/v2\/pages"}],"about":[{"href":"https:\/\/www.vienna-alacarte.com\/fr\/wp-json\/wp\/v2\/types\/page"}],"author":[{"embeddable":true,"href":"https:\/\/www.vienna-alacarte.com\/fr\/wp-json\/wp\/v2\/users\/2"}],"replies":[{"embeddable":true,"href":"https:\/\/www.vienna-alacarte.com\/fr\/wp-json\/wp\/v2\/comments?post=813"}],"version-history":[{"count":19,"href":"https:\/\/www.vienna-alacarte.com\/fr\/wp-json\/wp\/v2\/pages\/813\/revisions"}],"predecessor-version":[{"id":71717,"href":"https:\/\/www.vienna-alacarte.com\/fr\/wp-json\/wp\/v2\/pages\/813\/revisions\/71717"}],"wp:attachment":[{"href":"https:\/\/www.vienna-alacarte.com\/fr\/wp-json\/wp\/v2\/media?parent=813"}],"curies":[{"name":"wp","href":"https:\/\/api.w.org\/{rel}","templated":true}]}}